{"id":67,"date":"2021-11-24T09:53:06","date_gmt":"2021-11-24T09:53:06","guid":{"rendered":"http:\/\/microcostrent.com\/?page_id=67"},"modified":"2022-01-18T02:04:08","modified_gmt":"2022-01-18T02:04:08","slug":"condiciones-legales","status":"publish","type":"page","link":"https:\/\/microcostrent.com\/de\/condiciones-legales\/","title":{"rendered":"CONDICIONES LEGALES"},"content":{"rendered":"<div data-elementor-type=\"wp-page\" data-elementor-id=\"67\" class=\"elementor elementor-67\" data-elementor-post-type=\"page\">\n\t\t\t\t\t\t<section class=\"elementor-section elementor-top-section elementor-element elementor-element-87fab71 elementor-section-boxed elementor-section-height-default elementor-section-height-default\" data-id=\"87fab71\" data-element_type=\"section\" data-e-type=\"section\">\n\t\t\t\t\t\t<div class=\"elementor-container elementor-column-gap-default\">\n\t\t\t\t\t<div class=\"elementor-column elementor-col-100 elementor-top-column elementor-element elementor-element-8f8f3e6\" data-id=\"8f8f3e6\" data-element_type=\"column\" data-e-type=\"column\">\n\t\t\t<div class=\"elementor-widget-wrap elementor-element-populated\">\n\t\t\t\t\t\t<div class=\"elementor-element elementor-element-289ea78 elementor-widget elementor-widget-heading\" data-id=\"289ea78\" data-element_type=\"widget\" data-e-type=\"widget\" data-widget_type=\"heading.default\">\n\t\t\t\t<div class=\"elementor-widget-container\">\n\t\t\t\t\t<h2 class=\"elementor-heading-title elementor-size-default\">CONDICIONES GENERALES<\/h2>\t\t\t\t<\/div>\n\t\t\t\t<\/div>\n\t\t\t\t<section class=\"elementor-section elementor-inner-section elementor-element elementor-element-d34d0e2 elementor-section-boxed elementor-section-height-default elementor-section-height-default\" data-id=\"d34d0e2\" data-element_type=\"section\" data-e-type=\"section\">\n\t\t\t\t\t\t<div class=\"elementor-container elementor-column-gap-default\">\n\t\t\t\t\t<div class=\"elementor-column elementor-col-50 elementor-inner-column elementor-element elementor-element-7db4bdf\" data-id=\"7db4bdf\" data-element_type=\"column\" data-e-type=\"column\">\n\t\t\t<div class=\"elementor-widget-wrap elementor-element-populated\">\n\t\t\t\t\t\t<div class=\"elementor-element elementor-element-eba4d74 elementor-widget elementor-widget-image\" data-id=\"eba4d74\" data-element_type=\"widget\" data-e-type=\"widget\" data-widget_type=\"image.default\">\n\t\t\t\t<div class=\"elementor-widget-container\">\n\t\t\t\t\t\t\t\t\t\t\t\t\t\t\t<img fetchpriority=\"high\" decoding=\"async\" width=\"300\" height=\"300\" src=\"https:\/\/microcostrent.com\/wp-content\/uploads\/2022\/01\/Icons-300x300.png\" class=\"attachment-medium size-medium wp-image-356\" alt=\"\" srcset=\"https:\/\/microcostrent.com\/wp-content\/uploads\/2022\/01\/Icons-300x300.png 300w, https:\/\/microcostrent.com\/wp-content\/uploads\/2022\/01\/Icons-150x150.png 150w, https:\/\/microcostrent.com\/wp-content\/uploads\/2022\/01\/Icons-12x12.png 12w, https:\/\/microcostrent.com\/wp-content\/uploads\/2022\/01\/Icons.png 648w\" sizes=\"(max-width: 300px) 100vw, 300px\" \/>\t\t\t\t\t\t\t\t\t\t\t\t\t\t\t<\/div>\n\t\t\t\t<\/div>\n\t\t\t\t\t<\/div>\n\t\t<\/div>\n\t\t\t\t<div class=\"elementor-column elementor-col-50 elementor-inner-column elementor-element elementor-element-91c8e87\" data-id=\"91c8e87\" data-element_type=\"column\" data-e-type=\"column\">\n\t\t\t<div class=\"elementor-widget-wrap elementor-element-populated\">\n\t\t\t\t\t\t<div class=\"elementor-element elementor-element-0fb8d05 elementor-widget elementor-widget-text-editor\" data-id=\"0fb8d05\" data-element_type=\"widget\" data-e-type=\"widget\" data-widget_type=\"text-editor.default\">\n\t\t\t\t<div class=\"elementor-widget-container\">\n\t\t\t\t\t\t\t\t\t<p>Categor\u00eda de veh\u00edculo garantizada: Usted reserva una categor\u00eda de veh\u00edculo que le garantiza unas determinadas caracter\u00edsticas (p.e. Econ\u00f3mico 5 plazas, 3 puertas) pero en cada categor\u00eda hay varios modelos y NO es posible garantizar que recibir\u00e1 un modelo determinado. Si en el momento de la entrega tenemos el modelo que desea, gustosamente se lo entregaremos. Si la categor\u00eda que solicita no est\u00e1 disponible, entonces se le entregar\u00e1 una categor\u00eda superior sin cargo adicional. Tampoco podemos garantizarle un tipo de combustible determinado (gasolina o diesel) ni color. Modelo, tipo de combustible y color depender\u00e1n de los veh\u00edculos que tengamos disponibles en nuestra oficina en el momento de la entrega.<\/p><p>Qu\u00e9 incluyen nuestras tarifas: Si realiza su reserva a trav\u00e9s de nuestra p\u00e1gina web, el precio final incluye el alquiler, el seguro SCDW (CONSULTAR SEGURO) e IVA. En caso de solicitar servicios que generen un cargo adicional a parte del alquiler, tambi\u00e9n le aparecer\u00e1n en su cotizaci\u00f3n final (CONSULTAR EXTRAS). El Kilometraje es ilimitado.<\/p>\t\t\t\t\t\t\t\t<\/div>\n\t\t\t\t<\/div>\n\t\t\t\t\t<\/div>\n\t\t<\/div>\n\t\t\t\t\t<\/div>\n\t\t<\/section>\n\t\t\t\t\t<\/div>\n\t\t<\/div>\n\t\t\t\t\t<\/div>\n\t\t<\/section>\n\t\t\t\t<section class=\"elementor-section elementor-top-section elementor-element elementor-element-c66775f elementor-section-boxed elementor-section-height-default elementor-section-height-default\" data-id=\"c66775f\" data-element_type=\"section\" data-e-type=\"section\">\n\t\t\t\t\t\t<div class=\"elementor-container elementor-column-gap-default\">\n\t\t\t\t\t<div class=\"elementor-column elementor-col-100 elementor-top-column elementor-element elementor-element-93835da\" data-id=\"93835da\" data-element_type=\"column\" data-e-type=\"column\">\n\t\t\t<div class=\"elementor-widget-wrap elementor-element-populated\">\n\t\t\t\t\t\t<section class=\"elementor-section elementor-inner-section elementor-element elementor-element-2329354 elementor-section-boxed elementor-section-height-default elementor-section-height-default\" data-id=\"2329354\" data-element_type=\"section\" data-e-type=\"section\">\n\t\t\t\t\t\t<div class=\"elementor-container elementor-column-gap-default\">\n\t\t\t\t\t<div class=\"elementor-column elementor-col-100 elementor-inner-column elementor-element elementor-element-5b802f5\" data-id=\"5b802f5\" data-element_type=\"column\" data-e-type=\"column\">\n\t\t\t<div class=\"elementor-widget-wrap elementor-element-populated\">\n\t\t\t\t\t\t<div class=\"elementor-element elementor-element-93aa0bd elementor-widget elementor-widget-heading\" data-id=\"93aa0bd\" data-element_type=\"widget\" data-e-type=\"widget\" data-widget_type=\"heading.default\">\n\t\t\t\t<div class=\"elementor-widget-container\">\n\t\t\t\t\t<h2 class=\"elementor-heading-title elementor-size-default\">No incluye: <\/h2>\t\t\t\t<\/div>\n\t\t\t\t<\/div>\n\t\t\t\t<div class=\"elementor-element elementor-element-5456816 elementor-widget elementor-widget-text-editor\" data-id=\"5456816\" data-element_type=\"widget\" data-e-type=\"widget\" data-widget_type=\"text-editor.default\">\n\t\t\t\t<div class=\"elementor-widget-container\">\n\t\t\t\t\t\t\t\t\t<p>combustible,\u00a0 multas y cargo gr\u00faa en caso de accidente con culpa del conductor<\/p>\t\t\t\t\t\t\t\t<\/div>\n\t\t\t\t<\/div>\n\t\t\t\t<div class=\"elementor-element elementor-element-94a8a7b elementor-widget elementor-widget-text-editor\" data-id=\"94a8a7b\" data-element_type=\"widget\" data-e-type=\"widget\" data-widget_type=\"text-editor.default\">\n\t\t\t\t<div class=\"elementor-widget-container\">\n\t\t\t\t\t\t\t\t\t<p><span style=\"font-style: inherit; font-weight: inherit; color: var( --e-global-color-text ); font-family: var( --e-global-typography-text-font-family ), Sans-serif;\">Servicio aeropuerto gratuito. No tenemos mostrador dentro del aeropuerto. Nuestro representante uniformado con camisa amarilla le estar\u00e1 esperando en la Terminal de Llegadas del Aeropuerto. Un microb\u00fas le acercar\u00e1 a nuestra oficina (duraci\u00f3n traslado: 4 minutos). Deber\u00e1 devolver el veh\u00edculo en nuestra oficina donde igualmente dispone de nuestro servicio de traslado al aeropuerto. Este servicio es inmediato tanto a su llegada como a la devoluci\u00f3n del veh\u00edculo y gratuito.<\/span><\/p><p><strong>Edad m\u00ednima alquiler:<\/strong> Para coches econ\u00f3micos un m\u00ednimo de 21 a\u00f1os y un a\u00f1o de antig\u00fcedad de permiso de conducir. Para todos los dem\u00e1s un m\u00ednimo de 25 a\u00f1os y dos a\u00f1os de antig\u00fcedad de permiso de conducir. La edad m\u00e1xima permitida es de 80 a\u00f1os.<\/p><p>No est\u00e1 permitido trasladar el veh\u00edculo fuera de la Isla donde ha sido alquilado.<\/p><p>Pol\u00edtica de cancelaci\u00f3n:<\/p><p>Por lo m\u00ednimo 48 horas antes, por lo contrario, usted pagar\u00e1 el 50 % del valor total de la reserva.<\/p>\t\t\t\t\t\t\t\t<\/div>\n\t\t\t\t<\/div>\n\t\t\t\t<div class=\"elementor-element elementor-element-439ee54 elementor-widget elementor-widget-text-editor\" data-id=\"439ee54\" data-element_type=\"widget\" data-e-type=\"widget\" data-widget_type=\"text-editor.default\">\n\t\t\t\t<div class=\"elementor-widget-container\">\n\t\t\t\t\t\t\t\t\t<p><strong>Para m\u00e1s informaci\u00f3n no olvide consultar nuestras preguntas m\u00e1s frecuentes\u00a0 (F.A.Q.) <\/strong><\/p>\t\t\t\t\t\t\t\t<\/div>\n\t\t\t\t<\/div>\n\t\t\t\t\t<\/div>\n\t\t<\/div>\n\t\t\t\t\t<\/div>\n\t\t<\/section>\n\t\t\t\t\t<\/div>\n\t\t<\/div>\n\t\t\t\t\t<\/div>\n\t\t<\/section>\n\t\t\t\t<\/div>","protected":false},"excerpt":{"rendered":"<p>CONDICIONES GENERALES Categor\u00eda de veh\u00edculo garantizada: Usted reserva una categor\u00eda de veh\u00edculo que le garantiza unas determinadas caracter\u00edsticas (p.e. Econ\u00f3mico 5 plazas, 3 puertas) pero en cada categor\u00eda hay varios modelos y NO es posible garantizar que recibir\u00e1 un modelo determinado. Si en el momento de la entrega tenemos el modelo que desea, gustosamente se [&hellip;]<\/p>","protected":false},"author":1,"featured_media":0,"parent":0,"menu_order":0,"comment_status":"closed","ping_status":"closed","template":"","meta":{"_monsterinsights_skip_tracking":false,"_monsterinsights_sitenote_active":false,"_monsterinsights_sitenote_note":"","_monsterinsights_sitenote_category":0,"site-sidebar-layout":"no-sidebar","site-content-layout":"page-builder","ast-site-content-layout":"default","site-content-style":"default","site-sidebar-style":"default","ast-global-header-display":"","ast-banner-title-visibility":"","ast-main-header-display":"","ast-hfb-above-header-display":"","ast-hfb-below-header-display":"","ast-hfb-mobile-header-display":"","site-post-title":"disabled","ast-breadcrumbs-content":"","ast-featured-img":"disabled","footer-sml-layout":"","ast-disable-related-posts":"","theme-transparent-header-meta":"","adv-header-id-meta":"","stick-header-meta":"","header-above-stick-meta":"","header-main-stick-meta":"","header-below-stick-meta":"","astra-migrate-meta-layouts":"default","ast-page-background-enabled":"default","ast-page-background-meta":{"desktop":{"background-color":"var(--ast-global-color-4)","background-image":"","background-repeat":"repeat","background-position":"center center","background-size":"auto","background-attachment":"scroll","background-type":"","background-media":"","overlay-type":"","overlay-color":"","overlay-opacity":"","overlay-gradient":""},"tablet":{"background-color":"","background-image":"","background-repeat":"repeat","background-position":"center center","background-size":"auto","background-attachment":"scroll","background-type":"","background-media":"","overlay-type":"","overlay-color":"","overlay-opacity":"","overlay-gradient":""},"mobile":{"background-color":"","background-image":"","background-repeat":"repeat","background-position":"center center","background-size":"auto","background-attachment":"scroll","background-type":"","background-media":"","overlay-type":"","overlay-color":"","overlay-opacity":"","overlay-gradient":""}},"ast-content-background-meta":{"desktop":{"background-color":"var(--ast-global-color-5)","background-image":"","background-repeat":"repeat","background-position":"center center","background-size":"auto","background-attachment":"scroll","background-type":"","background-media":"","overlay-type":"","overlay-color":"","overlay-opacity":"","overlay-gradient":""},"tablet":{"background-color":"var(--ast-global-color-5)","background-image":"","background-repeat":"repeat","background-position":"center center","background-size":"auto","background-attachment":"scroll","background-type":"","background-media":"","overlay-type":"","overlay-color":"","overlay-opacity":"","overlay-gradient":""},"mobile":{"background-color":"var(--ast-global-color-5)","background-image":"","background-repeat":"repeat","background-position":"center center","background-size":"auto","background-attachment":"scroll","background-type":"","background-media":"","overlay-type":"","overlay-color":"","overlay-opacity":"","overlay-gradient":""}},"footnotes":""},"class_list":["post-67","page","type-page","status-publish","hentry"],"yoast_head":"<!-- This site is optimized with the Yoast SEO plugin v27.4 - https:\/\/yoast.com\/product\/yoast-seo-wordpress\/ -->\n<title>CONDICIONES LEGALES - Microcostrent<\/title>\n<meta name=\"robots\" content=\"index, follow, max-snippet:-1, max-image-preview:large, max-video-preview:-1\" \/>\n<link rel=\"canonical\" href=\"https:\/\/microcostrent.com\/de\/condiciones-legales\/\" \/>\n<meta property=\"og:locale\" content=\"de_DE\" \/>\n<meta property=\"og:type\" content=\"article\" \/>\n<meta property=\"og:title\" content=\"CONDICIONES LEGALES - Microcostrent\" \/>\n<meta property=\"og:description\" content=\"CONDICIONES GENERALES Categor\u00eda de veh\u00edculo garantizada: Usted reserva una categor\u00eda de veh\u00edculo que le garantiza unas determinadas caracter\u00edsticas (p.e. Econ\u00f3mico 5 plazas, 3 puertas) pero en cada categor\u00eda hay varios modelos y NO es posible garantizar que recibir\u00e1 un modelo determinado. Si en el momento de la entrega tenemos el modelo que desea, gustosamente se [&hellip;]\" \/>\n<meta property=\"og:url\" content=\"https:\/\/microcostrent.com\/de\/condiciones-legales\/\" \/>\n<meta property=\"og:site_name\" content=\"Microcostrent\" \/>\n<meta property=\"article:modified_time\" content=\"2022-01-18T02:04:08+00:00\" \/>\n<meta property=\"og:image\" content=\"http:\/\/microcostrent.com\/wp-content\/uploads\/2022\/01\/Icons-300x300.png\" \/>\n<meta name=\"twitter:card\" content=\"summary_large_image\" \/>\n<meta name=\"twitter:label1\" content=\"Gesch\u00e4tzte Lesezeit\" \/>\n\t<meta name=\"twitter:data1\" content=\"2\u00a0Minuten\" \/>\n<script type=\"application\/ld+json\" class=\"yoast-schema-graph\">{\"@context\":\"https:\\\/\\\/schema.org\",\"@graph\":[{\"@type\":\"WebPage\",\"@id\":\"https:\\\/\\\/microcostrent.com\\\/condiciones-legales\\\/\",\"url\":\"https:\\\/\\\/microcostrent.com\\\/condiciones-legales\\\/\",\"name\":\"CONDICIONES LEGALES - Microcostrent\",\"isPartOf\":{\"@id\":\"https:\\\/\\\/microcostrent.com\\\/#website\"},\"primaryImageOfPage\":{\"@id\":\"https:\\\/\\\/microcostrent.com\\\/condiciones-legales\\\/#primaryimage\"},\"image\":{\"@id\":\"https:\\\/\\\/microcostrent.com\\\/condiciones-legales\\\/#primaryimage\"},\"thumbnailUrl\":\"http:\\\/\\\/microcostrent.com\\\/wp-content\\\/uploads\\\/2022\\\/01\\\/Icons-300x300.png\",\"datePublished\":\"2021-11-24T09:53:06+00:00\",\"dateModified\":\"2022-01-18T02:04:08+00:00\",\"breadcrumb\":{\"@id\":\"https:\\\/\\\/microcostrent.com\\\/condiciones-legales\\\/#breadcrumb\"},\"inLanguage\":\"de\",\"potentialAction\":[{\"@type\":\"ReadAction\",\"target\":[\"https:\\\/\\\/microcostrent.com\\\/condiciones-legales\\\/\"]}]},{\"@type\":\"ImageObject\",\"inLanguage\":\"de\",\"@id\":\"https:\\\/\\\/microcostrent.com\\\/condiciones-legales\\\/#primaryimage\",\"url\":\"http:\\\/\\\/microcostrent.com\\\/wp-content\\\/uploads\\\/2022\\\/01\\\/Icons-300x300.png\",\"contentUrl\":\"http:\\\/\\\/microcostrent.com\\\/wp-content\\\/uploads\\\/2022\\\/01\\\/Icons-300x300.png\"},{\"@type\":\"BreadcrumbList\",\"@id\":\"https:\\\/\\\/microcostrent.com\\\/condiciones-legales\\\/#breadcrumb\",\"itemListElement\":[{\"@type\":\"ListItem\",\"position\":1,\"name\":\"Portada\",\"item\":\"https:\\\/\\\/microcostrent.com\\\/\"},{\"@type\":\"ListItem\",\"position\":2,\"name\":\"CONDICIONES LEGALES\"}]},{\"@type\":\"WebSite\",\"@id\":\"https:\\\/\\\/microcostrent.com\\\/#website\",\"url\":\"https:\\\/\\\/microcostrent.com\\\/\",\"name\":\"Microcostrent\",\"description\":\"Microcostrent | Renta de coches y motos\",\"publisher\":{\"@id\":\"https:\\\/\\\/microcostrent.com\\\/#organization\"},\"potentialAction\":[{\"@type\":\"SearchAction\",\"target\":{\"@type\":\"EntryPoint\",\"urlTemplate\":\"https:\\\/\\\/microcostrent.com\\\/?s={search_term_string}\"},\"query-input\":{\"@type\":\"PropertyValueSpecification\",\"valueRequired\":true,\"valueName\":\"search_term_string\"}}],\"inLanguage\":\"de\"},{\"@type\":\"Organization\",\"@id\":\"https:\\\/\\\/microcostrent.com\\\/#organization\",\"name\":\"Microcostrent\",\"url\":\"https:\\\/\\\/microcostrent.com\\\/\",\"logo\":{\"@type\":\"ImageObject\",\"inLanguage\":\"de\",\"@id\":\"https:\\\/\\\/microcostrent.com\\\/#\\\/schema\\\/logo\\\/image\\\/\",\"url\":\"https:\\\/\\\/microcostrent.com\\\/wp-content\\\/uploads\\\/2024\\\/03\\\/LOGO-MICROCOST-RENT.png\",\"contentUrl\":\"https:\\\/\\\/microcostrent.com\\\/wp-content\\\/uploads\\\/2024\\\/03\\\/LOGO-MICROCOST-RENT.png\",\"width\":617,\"height\":580,\"caption\":\"Microcostrent\"},\"image\":{\"@id\":\"https:\\\/\\\/microcostrent.com\\\/#\\\/schema\\\/logo\\\/image\\\/\"}}]}<\/script>\n<!-- \/ Yoast SEO plugin. -->","yoast_head_json":{"title":"CONDICIONES LEGALES - Microcostrent","robots":{"index":"index","follow":"follow","max-snippet":"max-snippet:-1","max-image-preview":"max-image-preview:large","max-video-preview":"max-video-preview:-1"},"canonical":"https:\/\/microcostrent.com\/de\/condiciones-legales\/","og_locale":"de_DE","og_type":"article","og_title":"CONDICIONES LEGALES - Microcostrent","og_description":"CONDICIONES GENERALES Categor\u00eda de veh\u00edculo garantizada: Usted reserva una categor\u00eda de veh\u00edculo que le garantiza unas determinadas caracter\u00edsticas (p.e. Econ\u00f3mico 5 plazas, 3 puertas) pero en cada categor\u00eda hay varios modelos y NO es posible garantizar que recibir\u00e1 un modelo determinado. Si en el momento de la entrega tenemos el modelo que desea, gustosamente se [&hellip;]","og_url":"https:\/\/microcostrent.com\/de\/condiciones-legales\/","og_site_name":"Microcostrent","article_modified_time":"2022-01-18T02:04:08+00:00","og_image":[{"url":"http:\/\/microcostrent.com\/wp-content\/uploads\/2022\/01\/Icons-300x300.png","type":"","width":"","height":""}],"twitter_card":"summary_large_image","twitter_misc":{"Gesch\u00e4tzte Lesezeit":"2\u00a0Minuten"},"schema":{"@context":"https:\/\/schema.org","@graph":[{"@type":"WebPage","@id":"https:\/\/microcostrent.com\/condiciones-legales\/","url":"https:\/\/microcostrent.com\/condiciones-legales\/","name":"CONDICIONES LEGALES - Microcostrent","isPartOf":{"@id":"https:\/\/microcostrent.com\/#website"},"primaryImageOfPage":{"@id":"https:\/\/microcostrent.com\/condiciones-legales\/#primaryimage"},"image":{"@id":"https:\/\/microcostrent.com\/condiciones-legales\/#primaryimage"},"thumbnailUrl":"http:\/\/microcostrent.com\/wp-content\/uploads\/2022\/01\/Icons-300x300.png","datePublished":"2021-11-24T09:53:06+00:00","dateModified":"2022-01-18T02:04:08+00:00","breadcrumb":{"@id":"https:\/\/microcostrent.com\/condiciones-legales\/#breadcrumb"},"inLanguage":"de","potentialAction":[{"@type":"ReadAction","target":["https:\/\/microcostrent.com\/condiciones-legales\/"]}]},{"@type":"ImageObject","inLanguage":"de","@id":"https:\/\/microcostrent.com\/condiciones-legales\/#primaryimage","url":"http:\/\/microcostrent.com\/wp-content\/uploads\/2022\/01\/Icons-300x300.png","contentUrl":"http:\/\/microcostrent.com\/wp-content\/uploads\/2022\/01\/Icons-300x300.png"},{"@type":"BreadcrumbList","@id":"https:\/\/microcostrent.com\/condiciones-legales\/#breadcrumb","itemListElement":[{"@type":"ListItem","position":1,"name":"Portada","item":"https:\/\/microcostrent.com\/"},{"@type":"ListItem","position":2,"name":"CONDICIONES LEGALES"}]},{"@type":"WebSite","@id":"https:\/\/microcostrent.com\/#website","url":"https:\/\/microcostrent.com\/","name":"Microcostrent","description":"Microcostrent : Auto- und Motorradvermietung","publisher":{"@id":"https:\/\/microcostrent.com\/#organization"},"potentialAction":[{"@type":"SearchAction","target":{"@type":"EntryPoint","urlTemplate":"https:\/\/microcostrent.com\/?s={search_term_string}"},"query-input":{"@type":"PropertyValueSpecification","valueRequired":true,"valueName":"search_term_string"}}],"inLanguage":"de"},{"@type":"Organization","@id":"https:\/\/microcostrent.com\/#organization","name":"Microcostrent","url":"https:\/\/microcostrent.com\/","logo":{"@type":"ImageObject","inLanguage":"de","@id":"https:\/\/microcostrent.com\/#\/schema\/logo\/image\/","url":"https:\/\/microcostrent.com\/wp-content\/uploads\/2024\/03\/LOGO-MICROCOST-RENT.png","contentUrl":"https:\/\/microcostrent.com\/wp-content\/uploads\/2024\/03\/LOGO-MICROCOST-RENT.png","width":617,"height":580,"caption":"Microcostrent"},"image":{"@id":"https:\/\/microcostrent.com\/#\/schema\/logo\/image\/"}}]}},"_links":{"self":[{"href":"https:\/\/microcostrent.com\/de\/wp-json\/wp\/v2\/pages\/67","targetHints":{"allow":["GET"]}}],"collection":[{"href":"https:\/\/microcostrent.com\/de\/wp-json\/wp\/v2\/pages"}],"about":[{"href":"https:\/\/microcostrent.com\/de\/wp-json\/wp\/v2\/types\/page"}],"author":[{"embeddable":true,"href":"https:\/\/microcostrent.com\/de\/wp-json\/wp\/v2\/users\/1"}],"replies":[{"embeddable":true,"href":"https:\/\/microcostrent.com\/de\/wp-json\/wp\/v2\/comments?post=67"}],"version-history":[{"count":22,"href":"https:\/\/microcostrent.com\/de\/wp-json\/wp\/v2\/pages\/67\/revisions"}],"predecessor-version":[{"id":435,"href":"https:\/\/microcostrent.com\/de\/wp-json\/wp\/v2\/pages\/67\/revisions\/435"}],"wp:attachment":[{"href":"https:\/\/microcostrent.com\/de\/wp-json\/wp\/v2\/media?parent=67"}],"curies":[{"name":"wp","href":"https:\/\/api.w.org\/{rel}","templated":true}]}}