{"id":69,"date":"2021-11-24T09:53:54","date_gmt":"2021-11-24T09:53:54","guid":{"rendered":"http:\/\/microcostrent.com\/?page_id=69"},"modified":"2022-01-18T01:39:00","modified_gmt":"2022-01-18T01:39:00","slug":"preguntas-frecuentes","status":"publish","type":"page","link":"https:\/\/microcostrent.com\/en\/preguntas-frecuentes\/","title":{"rendered":"PREGUNTAS FRECUENTES"},"content":{"rendered":"<div data-elementor-type=\"wp-page\" data-elementor-id=\"69\" class=\"elementor elementor-69\" data-elementor-post-type=\"page\">\n\t\t\t\t\t\t<section class=\"elementor-section elementor-top-section elementor-element elementor-element-ccaa005 elementor-section-boxed elementor-section-height-default elementor-section-height-default\" data-id=\"ccaa005\" data-element_type=\"section\" data-e-type=\"section\">\n\t\t\t\t\t\t<div class=\"elementor-container elementor-column-gap-default\">\n\t\t\t\t\t<div class=\"elementor-column elementor-col-100 elementor-top-column elementor-element elementor-element-d9eb35a\" data-id=\"d9eb35a\" data-element_type=\"column\" data-e-type=\"column\">\n\t\t\t<div class=\"elementor-widget-wrap elementor-element-populated\">\n\t\t\t\t\t\t<div class=\"elementor-element elementor-element-2e8536e elementor-widget elementor-widget-heading\" data-id=\"2e8536e\" data-element_type=\"widget\" data-e-type=\"widget\" data-widget_type=\"heading.default\">\n\t\t\t\t<div class=\"elementor-widget-container\">\n\t\t\t\t\t<h3 class=\"elementor-heading-title elementor-size-default\">PREGUNTAS FRECUENTES, FAQ<\/h3>\t\t\t\t<\/div>\n\t\t\t\t<\/div>\n\t\t\t\t<section class=\"elementor-section elementor-inner-section elementor-element elementor-element-83556ff elementor-section-boxed elementor-section-height-default elementor-section-height-default\" data-id=\"83556ff\" data-element_type=\"section\" data-e-type=\"section\">\n\t\t\t\t\t\t<div class=\"elementor-container elementor-column-gap-default\">\n\t\t\t\t\t<div class=\"elementor-column elementor-col-50 elementor-inner-column elementor-element elementor-element-82e2fe6\" data-id=\"82e2fe6\" data-element_type=\"column\" data-e-type=\"column\">\n\t\t\t<div class=\"elementor-widget-wrap elementor-element-populated\">\n\t\t\t\t\t\t<div class=\"elementor-element elementor-element-5bafc8d elementor-widget elementor-widget-image\" data-id=\"5bafc8d\" data-element_type=\"widget\" data-e-type=\"widget\" data-widget_type=\"image.default\">\n\t\t\t\t<div class=\"elementor-widget-container\">\n\t\t\t\t\t\t\t\t\t\t\t\t\t\t\t<img fetchpriority=\"high\" decoding=\"async\" width=\"300\" height=\"300\" src=\"https:\/\/microcostrent.com\/wp-content\/uploads\/2022\/01\/Icons-PQR-300x300.png\" class=\"attachment-medium size-medium wp-image-373\" alt=\"\" srcset=\"https:\/\/microcostrent.com\/wp-content\/uploads\/2022\/01\/Icons-PQR-300x300.png 300w, https:\/\/microcostrent.com\/wp-content\/uploads\/2022\/01\/Icons-PQR-150x150.png 150w, https:\/\/microcostrent.com\/wp-content\/uploads\/2022\/01\/Icons-PQR-12x12.png 12w, https:\/\/microcostrent.com\/wp-content\/uploads\/2022\/01\/Icons-PQR.png 648w\" sizes=\"(max-width: 300px) 100vw, 300px\" \/>\t\t\t\t\t\t\t\t\t\t\t\t\t\t\t<\/div>\n\t\t\t\t<\/div>\n\t\t\t\t\t<\/div>\n\t\t<\/div>\n\t\t\t\t<div class=\"elementor-column elementor-col-50 elementor-inner-column elementor-element elementor-element-316d8da\" data-id=\"316d8da\" data-element_type=\"column\" data-e-type=\"column\">\n\t\t\t<div class=\"elementor-widget-wrap elementor-element-populated\">\n\t\t\t\t\t\t<div class=\"elementor-element elementor-element-efa1077 elementor-widget elementor-widget-text-editor\" data-id=\"efa1077\" data-element_type=\"widget\" data-e-type=\"widget\" data-widget_type=\"text-editor.default\">\n\t\t\t\t<div class=\"elementor-widget-container\">\n\t\t\t\t\t\t\t\t\t<ul><li><span style=\"font-weight: 400;\">\u00bfQu\u00e9 documentaci\u00f3n es necesaria para alquilar una scooter?<\/span><\/li><\/ul><p><span style=\"font-weight: 400;\">\u00a0Una tarjeta de cr\u00e9dito y un permiso de conducir v\u00e1lido.<\/span><\/p>\t\t\t\t\t\t\t\t<\/div>\n\t\t\t\t<\/div>\n\t\t\t\t<div class=\"elementor-element elementor-element-3699d5b elementor-widget elementor-widget-text-editor\" data-id=\"3699d5b\" data-element_type=\"widget\" data-e-type=\"widget\" data-widget_type=\"text-editor.default\">\n\t\t\t\t<div class=\"elementor-widget-container\">\n\t\t\t\t\t\t\t\t\t<ul>\n<li><span style=\"font-weight: 400;\">\u00bfQu\u00e9 ocurre en caso de accidente?<\/span><\/li>\n<\/ul>\n<p><span style=\"font-weight: 400;\">Los pasos a seguir son: comunicarse con nuestros tel\u00e9fonos que est\u00e1n operativos las 24 horas del d\u00eda, los 7 d\u00edas de la semana, seguir las instrucciones y no salir del lugar del accidente. Intentaremos atenderle lo antes posible.<\/span><\/p>\t\t\t\t\t\t\t\t<\/div>\n\t\t\t\t<\/div>\n\t\t\t\t\t<\/div>\n\t\t<\/div>\n\t\t\t\t\t<\/div>\n\t\t<\/section>\n\t\t\t\t\t<\/div>\n\t\t<\/div>\n\t\t\t\t\t<\/div>\n\t\t<\/section>\n\t\t\t\t<section class=\"elementor-section elementor-top-section elementor-element elementor-element-f922be4 elementor-section-boxed elementor-section-height-default elementor-section-height-default\" data-id=\"f922be4\" data-element_type=\"section\" data-e-type=\"section\">\n\t\t\t\t\t\t<div class=\"elementor-container elementor-column-gap-default\">\n\t\t\t\t\t<div class=\"elementor-column elementor-col-100 elementor-top-column elementor-element elementor-element-a205c28\" data-id=\"a205c28\" data-element_type=\"column\" data-e-type=\"column\">\n\t\t\t<div class=\"elementor-widget-wrap elementor-element-populated\">\n\t\t\t\t\t\t<div class=\"elementor-element elementor-element-86ede28 elementor-widget elementor-widget-text-editor\" data-id=\"86ede28\" data-element_type=\"widget\" data-e-type=\"widget\" data-widget_type=\"text-editor.default\">\n\t\t\t\t<div class=\"elementor-widget-container\">\n\t\t\t\t\t\t\t\t\t<ul><li><span style=\"font-weight: 400;\">\u00bfDebo llenar el dep\u00f3sito de gasolina?<\/span><\/li><\/ul><p><span style=\"font-weight: 400;\">El combustible consiste en: al igual que le entregamos el veh\u00edculo, debe devolverlo al mismo nivel; En el caso de devolverlo por debajo del nivel indicado, tendr\u00e1s que pagar 10 EUR por cada 1\/4 en el caso de los coches.<\/span><\/p><p><span style=\"font-weight: 400;\">Para scooters, 10 EUR por un dep\u00f3sito completo.<\/span><\/p><p><span style=\"font-weight: 400;\">En el caso de que devuelva el veh\u00edculo a un nivel superior al indicado, no efectuamos devoluci\u00f3n monetaria.<\/span><\/p>\t\t\t\t\t\t\t\t<\/div>\n\t\t\t\t<\/div>\n\t\t\t\t<div class=\"elementor-element elementor-element-619ed3f elementor-widget elementor-widget-text-editor\" data-id=\"619ed3f\" data-element_type=\"widget\" data-e-type=\"widget\" data-widget_type=\"text-editor.default\">\n\t\t\t\t<div class=\"elementor-widget-container\">\n\t\t\t\t\t\t\t\t\t<ul><li><span style=\"font-weight: 400;\">\u00bfAunque tenga el seguro todo riesgo, si el accidente es bajo el efecto del alcohol o drogas, debo hacerme cargo?<\/span><\/li><\/ul><p><span style=\"font-weight: 400;\">Usted tendra que pagar el el valor comercial que tenga el vehiculo en el momento del accidente.<\/span><\/p>\t\t\t\t\t\t\t\t<\/div>\n\t\t\t\t<\/div>\n\t\t\t\t<div class=\"elementor-element elementor-element-212f3d9 elementor-widget elementor-widget-text-editor\" data-id=\"212f3d9\" data-element_type=\"widget\" data-e-type=\"widget\" data-widget_type=\"text-editor.default\">\n\t\t\t\t<div class=\"elementor-widget-container\">\n\t\t\t\t\t\t\t\t\t<ul><li><span style=\"font-weight: 400;\">\u00bfComo realizar una reserva?<\/span><\/li><\/ul><p><span style=\"font-weight: 400;\">despues de seleccionar su preferecia de vehiculo y los dias los dias, le enviaremos una cotizacion via correo electronico y\/o whatsapp. si esta conforme debera transferir por alguno de los medio de pago el 50 % de dicho importe, y enviarnos el justificante de pago por el mismo medio. en este momento queda confirmada su resrva.<\/span><\/p>\t\t\t\t\t\t\t\t<\/div>\n\t\t\t\t<\/div>\n\t\t\t\t<div class=\"elementor-element elementor-element-dc8cac2 elementor-widget elementor-widget-text-editor\" data-id=\"dc8cac2\" data-element_type=\"widget\" data-e-type=\"widget\" data-widget_type=\"text-editor.default\">\n\t\t\t\t<div class=\"elementor-widget-container\">\n\t\t\t\t\t\t\t\t\t<ul><li><span style=\"font-weight: 400;\">\u00bfQu\u00e9 tiempo de validez tiene un presupuesto?<\/span><\/li><\/ul><p><span style=\"font-weight: 400;\">si usted no realiza el pago del 50 % a las 72 horas siguientes a recibir el presupuesto, no nos comprometemos mantener la misma tarifa que fue enviada.<\/span><\/p>\t\t\t\t\t\t\t\t<\/div>\n\t\t\t\t<\/div>\n\t\t\t\t<div class=\"elementor-element elementor-element-59e9118 elementor-widget elementor-widget-text-editor\" data-id=\"59e9118\" data-element_type=\"widget\" data-e-type=\"widget\" data-widget_type=\"text-editor.default\">\n\t\t\t\t<div class=\"elementor-widget-container\">\n\t\t\t\t\t\t\t\t\t<ul><li><span style=\"font-weight: 400;\">\u00bfQu\u00e9 pasa si pierdo la llave del veh\u00edculo?<\/span><\/li><\/ul><p><span style=\"font-weight: 400;\">Usted deber\u00e1 de pagar el desplazamiento de nuestro personal m\u00e1s el importe de la llave, equivalente a 150 EUR + impuesto.<\/span><\/p>\t\t\t\t\t\t\t\t<\/div>\n\t\t\t\t<\/div>\n\t\t\t\t<div class=\"elementor-element elementor-element-4cdc96b elementor-widget elementor-widget-text-editor\" data-id=\"4cdc96b\" data-element_type=\"widget\" data-e-type=\"widget\" data-widget_type=\"text-editor.default\">\n\t\t\t\t<div class=\"elementor-widget-container\">\n\t\t\t\t\t\t\t\t\t<ul><li><span style=\"font-weight: 400;\">\u00bfQu\u00e9 pasa si alquilo una scooter y pierdo el casco?<\/span><\/li><\/ul><p><span style=\"font-weight: 400;\">Usted deber\u00e1 pagar 50 Eur + impuestos por el casco, mas el servicio de desplazamiento de nuestro personal equivalente a 70 EUR + impuestos.\u00a0<\/span><\/p>\t\t\t\t\t\t\t\t<\/div>\n\t\t\t\t<\/div>\n\t\t\t\t\t<\/div>\n\t\t<\/div>\n\t\t\t\t\t<\/div>\n\t\t<\/section>\n\t\t\t\t<\/div>","protected":false},"excerpt":{"rendered":"<p>PREGUNTAS FRECUENTES, FAQ \u00bfQu\u00e9 documentaci\u00f3n es necesaria para alquilar una scooter? \u00a0Una tarjeta de cr\u00e9dito y un permiso de conducir v\u00e1lido. \u00bfQu\u00e9 ocurre en caso de accidente? Los pasos a seguir son: comunicarse con nuestros tel\u00e9fonos que est\u00e1n operativos las 24 horas del d\u00eda, los 7 d\u00edas de la semana, seguir las instrucciones y no [&hellip;]<\/p>","protected":false},"author":1,"featured_media":0,"parent":0,"menu_order":0,"comment_status":"closed","ping_status":"closed","template":"","meta":{"_monsterinsights_skip_tracking":false,"_monsterinsights_sitenote_active":false,"_monsterinsights_sitenote_note":"","_monsterinsights_sitenote_category":0,"site-sidebar-layout":"no-sidebar","site-content-layout":"page-builder","ast-site-content-layout":"default","site-content-style":"default","site-sidebar-style":"default","ast-global-header-display":"","ast-banner-title-visibility":"","ast-main-header-display":"","ast-hfb-above-header-display":"","ast-hfb-below-header-display":"","ast-hfb-mobile-header-display":"","site-post-title":"disabled","ast-breadcrumbs-content":"","ast-featured-img":"disabled","footer-sml-layout":"","ast-disable-related-posts":"","theme-transparent-header-meta":"","adv-header-id-meta":"","stick-header-meta":"","header-above-stick-meta":"","header-main-stick-meta":"","header-below-stick-meta":"","astra-migrate-meta-layouts":"default","ast-page-background-enabled":"default","ast-page-background-meta":{"desktop":{"background-color":"var(--ast-global-color-4)","background-image":"","background-repeat":"repeat","background-position":"center center","background-size":"auto","background-attachment":"scroll","background-type":"","background-media":"","overlay-type":"","overlay-color":"","overlay-opacity":"","overlay-gradient":""},"tablet":{"background-color":"","background-image":"","background-repeat":"repeat","background-position":"center center","background-size":"auto","background-attachment":"scroll","background-type":"","background-media":"","overlay-type":"","overlay-color":"","overlay-opacity":"","overlay-gradient":""},"mobile":{"background-color":"","background-image":"","background-repeat":"repeat","background-position":"center center","background-size":"auto","background-attachment":"scroll","background-type":"","background-media":"","overlay-type":"","overlay-color":"","overlay-opacity":"","overlay-gradient":""}},"ast-content-background-meta":{"desktop":{"background-color":"var(--ast-global-color-5)","background-image":"","background-repeat":"repeat","background-position":"center center","background-size":"auto","background-attachment":"scroll","background-type":"","background-media":"","overlay-type":"","overlay-color":"","overlay-opacity":"","overlay-gradient":""},"tablet":{"background-color":"var(--ast-global-color-5)","background-image":"","background-repeat":"repeat","background-position":"center center","background-size":"auto","background-attachment":"scroll","background-type":"","background-media":"","overlay-type":"","overlay-color":"","overlay-opacity":"","overlay-gradient":""},"mobile":{"background-color":"var(--ast-global-color-5)","background-image":"","background-repeat":"repeat","background-position":"center center","background-size":"auto","background-attachment":"scroll","background-type":"","background-media":"","overlay-type":"","overlay-color":"","overlay-opacity":"","overlay-gradient":""}},"footnotes":""},"class_list":["post-69","page","type-page","status-publish","hentry"],"yoast_head":"<!-- This site is optimized with the Yoast SEO plugin v27.4 - https:\/\/yoast.com\/product\/yoast-seo-wordpress\/ -->\n<title>PREGUNTAS FRECUENTES - Microcostrent<\/title>\n<meta name=\"robots\" content=\"index, follow, max-snippet:-1, max-image-preview:large, max-video-preview:-1\" \/>\n<link rel=\"canonical\" href=\"https:\/\/microcostrent.com\/en\/preguntas-frecuentes\/\" \/>\n<meta property=\"og:locale\" content=\"en_US\" \/>\n<meta property=\"og:type\" content=\"article\" \/>\n<meta property=\"og:title\" content=\"PREGUNTAS FRECUENTES - Microcostrent\" \/>\n<meta property=\"og:description\" content=\"PREGUNTAS FRECUENTES, FAQ \u00bfQu\u00e9 documentaci\u00f3n es necesaria para alquilar una scooter? \u00a0Una tarjeta de cr\u00e9dito y un permiso de conducir v\u00e1lido. \u00bfQu\u00e9 ocurre en caso de accidente? Los pasos a seguir son: comunicarse con nuestros tel\u00e9fonos que est\u00e1n operativos las 24 horas del d\u00eda, los 7 d\u00edas de la semana, seguir las instrucciones y no [&hellip;]\" \/>\n<meta property=\"og:url\" content=\"https:\/\/microcostrent.com\/en\/preguntas-frecuentes\/\" \/>\n<meta property=\"og:site_name\" content=\"Microcostrent\" \/>\n<meta property=\"article:modified_time\" content=\"2022-01-18T01:39:00+00:00\" \/>\n<meta property=\"og:image\" content=\"http:\/\/microcostrent.com\/wp-content\/uploads\/2022\/01\/Icons-PQR-300x300.png\" \/>\n<meta name=\"twitter:card\" content=\"summary_large_image\" \/>\n<meta name=\"twitter:label1\" content=\"Est. reading time\" \/>\n\t<meta name=\"twitter:data1\" content=\"2 minutes\" \/>\n<script type=\"application\/ld+json\" class=\"yoast-schema-graph\">{\"@context\":\"https:\\\/\\\/schema.org\",\"@graph\":[{\"@type\":\"WebPage\",\"@id\":\"https:\\\/\\\/microcostrent.com\\\/preguntas-frecuentes\\\/\",\"url\":\"https:\\\/\\\/microcostrent.com\\\/preguntas-frecuentes\\\/\",\"name\":\"PREGUNTAS FRECUENTES - Microcostrent\",\"isPartOf\":{\"@id\":\"https:\\\/\\\/microcostrent.com\\\/#website\"},\"primaryImageOfPage\":{\"@id\":\"https:\\\/\\\/microcostrent.com\\\/preguntas-frecuentes\\\/#primaryimage\"},\"image\":{\"@id\":\"https:\\\/\\\/microcostrent.com\\\/preguntas-frecuentes\\\/#primaryimage\"},\"thumbnailUrl\":\"http:\\\/\\\/microcostrent.com\\\/wp-content\\\/uploads\\\/2022\\\/01\\\/Icons-PQR-300x300.png\",\"datePublished\":\"2021-11-24T09:53:54+00:00\",\"dateModified\":\"2022-01-18T01:39:00+00:00\",\"breadcrumb\":{\"@id\":\"https:\\\/\\\/microcostrent.com\\\/preguntas-frecuentes\\\/#breadcrumb\"},\"inLanguage\":\"en-US\",\"potentialAction\":[{\"@type\":\"ReadAction\",\"target\":[\"https:\\\/\\\/microcostrent.com\\\/preguntas-frecuentes\\\/\"]}]},{\"@type\":\"ImageObject\",\"inLanguage\":\"en-US\",\"@id\":\"https:\\\/\\\/microcostrent.com\\\/preguntas-frecuentes\\\/#primaryimage\",\"url\":\"http:\\\/\\\/microcostrent.com\\\/wp-content\\\/uploads\\\/2022\\\/01\\\/Icons-PQR-300x300.png\",\"contentUrl\":\"http:\\\/\\\/microcostrent.com\\\/wp-content\\\/uploads\\\/2022\\\/01\\\/Icons-PQR-300x300.png\"},{\"@type\":\"BreadcrumbList\",\"@id\":\"https:\\\/\\\/microcostrent.com\\\/preguntas-frecuentes\\\/#breadcrumb\",\"itemListElement\":[{\"@type\":\"ListItem\",\"position\":1,\"name\":\"Portada\",\"item\":\"https:\\\/\\\/microcostrent.com\\\/\"},{\"@type\":\"ListItem\",\"position\":2,\"name\":\"PREGUNTAS FRECUENTES\"}]},{\"@type\":\"WebSite\",\"@id\":\"https:\\\/\\\/microcostrent.com\\\/#website\",\"url\":\"https:\\\/\\\/microcostrent.com\\\/\",\"name\":\"Microcostrent\",\"description\":\"Microcostrent | Renta de coches y motos\",\"publisher\":{\"@id\":\"https:\\\/\\\/microcostrent.com\\\/#organization\"},\"potentialAction\":[{\"@type\":\"SearchAction\",\"target\":{\"@type\":\"EntryPoint\",\"urlTemplate\":\"https:\\\/\\\/microcostrent.com\\\/?s={search_term_string}\"},\"query-input\":{\"@type\":\"PropertyValueSpecification\",\"valueRequired\":true,\"valueName\":\"search_term_string\"}}],\"inLanguage\":\"en-US\"},{\"@type\":\"Organization\",\"@id\":\"https:\\\/\\\/microcostrent.com\\\/#organization\",\"name\":\"Microcostrent\",\"url\":\"https:\\\/\\\/microcostrent.com\\\/\",\"logo\":{\"@type\":\"ImageObject\",\"inLanguage\":\"en-US\",\"@id\":\"https:\\\/\\\/microcostrent.com\\\/#\\\/schema\\\/logo\\\/image\\\/\",\"url\":\"https:\\\/\\\/microcostrent.com\\\/wp-content\\\/uploads\\\/2024\\\/03\\\/LOGO-MICROCOST-RENT.png\",\"contentUrl\":\"https:\\\/\\\/microcostrent.com\\\/wp-content\\\/uploads\\\/2024\\\/03\\\/LOGO-MICROCOST-RENT.png\",\"width\":617,\"height\":580,\"caption\":\"Microcostrent\"},\"image\":{\"@id\":\"https:\\\/\\\/microcostrent.com\\\/#\\\/schema\\\/logo\\\/image\\\/\"}}]}<\/script>\n<!-- \/ Yoast SEO plugin. -->","yoast_head_json":{"title":"PREGUNTAS FRECUENTES - Microcostrent","robots":{"index":"index","follow":"follow","max-snippet":"max-snippet:-1","max-image-preview":"max-image-preview:large","max-video-preview":"max-video-preview:-1"},"canonical":"https:\/\/microcostrent.com\/en\/preguntas-frecuentes\/","og_locale":"en_US","og_type":"article","og_title":"PREGUNTAS FRECUENTES - Microcostrent","og_description":"PREGUNTAS FRECUENTES, FAQ \u00bfQu\u00e9 documentaci\u00f3n es necesaria para alquilar una scooter? \u00a0Una tarjeta de cr\u00e9dito y un permiso de conducir v\u00e1lido. \u00bfQu\u00e9 ocurre en caso de accidente? Los pasos a seguir son: comunicarse con nuestros tel\u00e9fonos que est\u00e1n operativos las 24 horas del d\u00eda, los 7 d\u00edas de la semana, seguir las instrucciones y no [&hellip;]","og_url":"https:\/\/microcostrent.com\/en\/preguntas-frecuentes\/","og_site_name":"Microcostrent","article_modified_time":"2022-01-18T01:39:00+00:00","og_image":[{"url":"http:\/\/microcostrent.com\/wp-content\/uploads\/2022\/01\/Icons-PQR-300x300.png","type":"","width":"","height":""}],"twitter_card":"summary_large_image","twitter_misc":{"Est. reading time":"2 minutes"},"schema":{"@context":"https:\/\/schema.org","@graph":[{"@type":"WebPage","@id":"https:\/\/microcostrent.com\/preguntas-frecuentes\/","url":"https:\/\/microcostrent.com\/preguntas-frecuentes\/","name":"PREGUNTAS FRECUENTES - Microcostrent","isPartOf":{"@id":"https:\/\/microcostrent.com\/#website"},"primaryImageOfPage":{"@id":"https:\/\/microcostrent.com\/preguntas-frecuentes\/#primaryimage"},"image":{"@id":"https:\/\/microcostrent.com\/preguntas-frecuentes\/#primaryimage"},"thumbnailUrl":"http:\/\/microcostrent.com\/wp-content\/uploads\/2022\/01\/Icons-PQR-300x300.png","datePublished":"2021-11-24T09:53:54+00:00","dateModified":"2022-01-18T01:39:00+00:00","breadcrumb":{"@id":"https:\/\/microcostrent.com\/preguntas-frecuentes\/#breadcrumb"},"inLanguage":"en-US","potentialAction":[{"@type":"ReadAction","target":["https:\/\/microcostrent.com\/preguntas-frecuentes\/"]}]},{"@type":"ImageObject","inLanguage":"en-US","@id":"https:\/\/microcostrent.com\/preguntas-frecuentes\/#primaryimage","url":"http:\/\/microcostrent.com\/wp-content\/uploads\/2022\/01\/Icons-PQR-300x300.png","contentUrl":"http:\/\/microcostrent.com\/wp-content\/uploads\/2022\/01\/Icons-PQR-300x300.png"},{"@type":"BreadcrumbList","@id":"https:\/\/microcostrent.com\/preguntas-frecuentes\/#breadcrumb","itemListElement":[{"@type":"ListItem","position":1,"name":"Portada","item":"https:\/\/microcostrent.com\/"},{"@type":"ListItem","position":2,"name":"PREGUNTAS FRECUENTES"}]},{"@type":"WebSite","@id":"https:\/\/microcostrent.com\/#website","url":"https:\/\/microcostrent.com\/","name":"Microcostrent","description":"Microcostrent | Car and motorcycle rental","publisher":{"@id":"https:\/\/microcostrent.com\/#organization"},"potentialAction":[{"@type":"SearchAction","target":{"@type":"EntryPoint","urlTemplate":"https:\/\/microcostrent.com\/?s={search_term_string}"},"query-input":{"@type":"PropertyValueSpecification","valueRequired":true,"valueName":"search_term_string"}}],"inLanguage":"en-US"},{"@type":"Organization","@id":"https:\/\/microcostrent.com\/#organization","name":"Microcostrent","url":"https:\/\/microcostrent.com\/","logo":{"@type":"ImageObject","inLanguage":"en-US","@id":"https:\/\/microcostrent.com\/#\/schema\/logo\/image\/","url":"https:\/\/microcostrent.com\/wp-content\/uploads\/2024\/03\/LOGO-MICROCOST-RENT.png","contentUrl":"https:\/\/microcostrent.com\/wp-content\/uploads\/2024\/03\/LOGO-MICROCOST-RENT.png","width":617,"height":580,"caption":"Microcostrent"},"image":{"@id":"https:\/\/microcostrent.com\/#\/schema\/logo\/image\/"}}]}},"_links":{"self":[{"href":"https:\/\/microcostrent.com\/en\/wp-json\/wp\/v2\/pages\/69","targetHints":{"allow":["GET"]}}],"collection":[{"href":"https:\/\/microcostrent.com\/en\/wp-json\/wp\/v2\/pages"}],"about":[{"href":"https:\/\/microcostrent.com\/en\/wp-json\/wp\/v2\/types\/page"}],"author":[{"embeddable":true,"href":"https:\/\/microcostrent.com\/en\/wp-json\/wp\/v2\/users\/1"}],"replies":[{"embeddable":true,"href":"https:\/\/microcostrent.com\/en\/wp-json\/wp\/v2\/comments?post=69"}],"version-history":[{"count":34,"href":"https:\/\/microcostrent.com\/en\/wp-json\/wp\/v2\/pages\/69\/revisions"}],"predecessor-version":[{"id":423,"href":"https:\/\/microcostrent.com\/en\/wp-json\/wp\/v2\/pages\/69\/revisions\/423"}],"wp:attachment":[{"href":"https:\/\/microcostrent.com\/en\/wp-json\/wp\/v2\/media?parent=69"}],"curies":[{"name":"wp","href":"https:\/\/api.w.org\/{rel}","templated":true}]}}