{"id":71,"date":"2021-11-24T14:24:40","date_gmt":"2021-11-24T14:24:40","guid":{"rendered":"http:\/\/microcostrent.com\/?page_id=71"},"modified":"2026-02-24T14:10:27","modified_gmt":"2026-02-24T14:10:27","slug":"quienes-somos","status":"publish","type":"page","link":"https:\/\/microcostrent.com\/en\/quienes-somos\/","title":{"rendered":"QUIENES SOMOS"},"content":{"rendered":"<div data-elementor-type=\"wp-page\" data-elementor-id=\"71\" class=\"elementor elementor-71\" data-elementor-post-type=\"page\">\n\t\t\t\t\t\t<section class=\"elementor-section elementor-top-section elementor-element elementor-element-2fe11b8 elementor-section-boxed elementor-section-height-default elementor-section-height-default\" data-id=\"2fe11b8\" data-element_type=\"section\" data-e-type=\"section\">\n\t\t\t\t\t\t<div class=\"elementor-container elementor-column-gap-default\">\n\t\t\t\t\t<div class=\"elementor-column elementor-col-50 elementor-top-column elementor-element elementor-element-974c732\" data-id=\"974c732\" data-element_type=\"column\" data-e-type=\"column\">\n\t\t\t<div class=\"elementor-widget-wrap elementor-element-populated\">\n\t\t\t\t\t\t<div class=\"elementor-element elementor-element-d98dacd elementor-widget elementor-widget-image\" data-id=\"d98dacd\" data-element_type=\"widget\" data-e-type=\"widget\" data-widget_type=\"image.default\">\n\t\t\t\t<div class=\"elementor-widget-container\">\n\t\t\t\t\t\t\t\t\t\t\t\t\t\t\t<img fetchpriority=\"high\" decoding=\"async\" width=\"768\" height=\"768\" src=\"https:\/\/microcostrent.com\/wp-content\/uploads\/2024\/02\/2023-04-13.jpg\" class=\"attachment-large size-large wp-image-779\" alt=\"\" \/>\t\t\t\t\t\t\t\t\t\t\t\t\t\t\t<\/div>\n\t\t\t\t<\/div>\n\t\t\t\t\t<\/div>\n\t\t<\/div>\n\t\t\t\t<div class=\"elementor-column elementor-col-50 elementor-top-column elementor-element elementor-element-4481ff2\" data-id=\"4481ff2\" data-element_type=\"column\" data-e-type=\"column\">\n\t\t\t<div class=\"elementor-widget-wrap elementor-element-populated\">\n\t\t\t\t\t\t<div class=\"elementor-element elementor-element-33a2c29 elementor-widget elementor-widget-heading\" data-id=\"33a2c29\" data-element_type=\"widget\" data-e-type=\"widget\" data-widget_type=\"heading.default\">\n\t\t\t\t<div class=\"elementor-widget-container\">\n\t\t\t\t\t<h2 class=\"elementor-heading-title elementor-size-default\">Qui\u00e9nes somos<\/h2>\t\t\t\t<\/div>\n\t\t\t\t<\/div>\n\t\t\t\t<div class=\"elementor-element elementor-element-17a2f86 elementor-widget elementor-widget-text-editor\" data-id=\"17a2f86\" data-element_type=\"widget\" data-e-type=\"widget\" data-widget_type=\"text-editor.default\">\n\t\t\t\t<div class=\"elementor-widget-container\">\n\t\t\t\t\t\t\t\t\t<p>At <strong>microcost Rent<\/strong> Mallorca, estamos dedicados a brindarte una experiencia de viaje excepcional en esta hermosa isla. Con una pasi\u00f3n por la aventura y el compromiso con la excelencia en el servicio, nos esforzamos por ofrecerte la libertad de explorar a tu propio ritmo.<\/p><p class=\"translation-block\"><strong>Nuestra misi\u00f3n<\/strong> es proporcionarte veh\u00edculos de alquiler de alta calidad y un bajo costo, que te permitan descubrir los tesoros escondidos y los paisajes impresionantes de Mallorca. Ya sea que desees recorrer las playas de aguas cristalinas, explorar encantadores pueblos o conquistar las carreteras serpenteantes de la isla, estamos aqu\u00ed para hacer que tu viaje sea inolvidable.<\/p><p>Con un equipo comprometido y una flota diversa de coches, motos y bicicletas, estamos listos para acompa\u00f1arte en cada paso del camino. \u00danete a nosotros y descubre Mallorca de una manera \u00fanica y emocionante. \u00a1Bienvenido a <strong>microcost Rent<\/strong>, donde tus aventuras cobran vida!<\/p>\t\t\t\t\t\t\t\t<\/div>\n\t\t\t\t<\/div>\n\t\t\t\t\t<\/div>\n\t\t<\/div>\n\t\t\t\t\t<\/div>\n\t\t<\/section>\n\t\t\t\t<\/div>","protected":false},"excerpt":{"rendered":"<p>Qui\u00e9nes somos En microcost Rent Mallorca, estamos dedicados a brindarte una experiencia de viaje excepcional en esta hermosa isla. Con una pasi\u00f3n por la aventura y el compromiso con la excelencia en el servicio, nos esforzamos por ofrecerte la libertad de explorar a tu propio ritmo. Nuestra misi\u00f3n es proporcionarte veh\u00edculos de alquiler de alta [&hellip;]<\/p>","protected":false},"author":1,"featured_media":0,"parent":0,"menu_order":0,"comment_status":"closed","ping_status":"closed","template":"","meta":{"_monsterinsights_skip_tracking":false,"_monsterinsights_sitenote_active":false,"_monsterinsights_sitenote_note":"","_monsterinsights_sitenote_category":0,"site-sidebar-layout":"no-sidebar","site-content-layout":"page-builder","ast-site-content-layout":"full-width-container","site-content-style":"unboxed","site-sidebar-style":"unboxed","ast-global-header-display":"","ast-banner-title-visibility":"","ast-main-header-display":"","ast-hfb-above-header-display":"","ast-hfb-below-header-display":"","ast-hfb-mobile-header-display":"","site-post-title":"disabled","ast-breadcrumbs-content":"","ast-featured-img":"disabled","footer-sml-layout":"","ast-disable-related-posts":"","theme-transparent-header-meta":"","adv-header-id-meta":"","stick-header-meta":"","header-above-stick-meta":"","header-main-stick-meta":"","header-below-stick-meta":"","astra-migrate-meta-layouts":"set","ast-page-background-enabled":"default","ast-page-background-meta":{"desktop":{"background-color":"var(--ast-global-color-4)","background-image":"","background-repeat":"repeat","background-position":"center center","background-size":"auto","background-attachment":"scroll","background-type":"","background-media":"","overlay-type":"","overlay-color":"","overlay-opacity":"","overlay-gradient":""},"tablet":{"background-color":"","background-image":"","background-repeat":"repeat","background-position":"center center","background-size":"auto","background-attachment":"scroll","background-type":"","background-media":"","overlay-type":"","overlay-color":"","overlay-opacity":"","overlay-gradient":""},"mobile":{"background-color":"","background-image":"","background-repeat":"repeat","background-position":"center center","background-size":"auto","background-attachment":"scroll","background-type":"","background-media":"","overlay-type":"","overlay-color":"","overlay-opacity":"","overlay-gradient":""}},"ast-content-background-meta":{"desktop":{"background-color":"var(--ast-global-color-5)","background-image":"","background-repeat":"repeat","background-position":"center center","background-size":"auto","background-attachment":"scroll","background-type":"","background-media":"","overlay-type":"","overlay-color":"","overlay-opacity":"","overlay-gradient":""},"tablet":{"background-color":"var(--ast-global-color-5)","background-image":"","background-repeat":"repeat","background-position":"center center","background-size":"auto","background-attachment":"scroll","background-type":"","background-media":"","overlay-type":"","overlay-color":"","overlay-opacity":"","overlay-gradient":""},"mobile":{"background-color":"var(--ast-global-color-5)","background-image":"","background-repeat":"repeat","background-position":"center center","background-size":"auto","background-attachment":"scroll","background-type":"","background-media":"","overlay-type":"","overlay-color":"","overlay-opacity":"","overlay-gradient":""}},"footnotes":""},"class_list":["post-71","page","type-page","status-publish","hentry"],"yoast_head":"<!-- This site is optimized with the Yoast SEO plugin v27.4 - https:\/\/yoast.com\/product\/yoast-seo-wordpress\/ -->\n<title>QUIENES SOMOS - Microcostrent<\/title>\n<meta name=\"robots\" content=\"index, follow, max-snippet:-1, max-image-preview:large, max-video-preview:-1\" \/>\n<link rel=\"canonical\" href=\"https:\/\/microcostrent.com\/en\/quienes-somos\/\" \/>\n<meta property=\"og:locale\" content=\"en_US\" \/>\n<meta property=\"og:type\" content=\"article\" \/>\n<meta property=\"og:title\" content=\"QUIENES SOMOS - Microcostrent\" \/>\n<meta property=\"og:description\" content=\"Qui\u00e9nes somos En microcost Rent Mallorca, estamos dedicados a brindarte una experiencia de viaje excepcional en esta hermosa isla. Con una pasi\u00f3n por la aventura y el compromiso con la excelencia en el servicio, nos esforzamos por ofrecerte la libertad de explorar a tu propio ritmo. Nuestra misi\u00f3n es proporcionarte veh\u00edculos de alquiler de alta [&hellip;]\" \/>\n<meta property=\"og:url\" content=\"https:\/\/microcostrent.com\/en\/quienes-somos\/\" \/>\n<meta property=\"og:site_name\" content=\"Microcostrent\" \/>\n<meta property=\"article:modified_time\" content=\"2026-02-24T14:10:27+00:00\" \/>\n<meta property=\"og:image\" content=\"https:\/\/microcostrent.com\/wp-content\/uploads\/2024\/02\/2023-04-13.jpg\" \/>\n<meta name=\"twitter:card\" content=\"summary_large_image\" \/>\n<meta name=\"twitter:label1\" content=\"Est. reading time\" \/>\n\t<meta name=\"twitter:data1\" content=\"1 minute\" \/>\n<script type=\"application\/ld+json\" class=\"yoast-schema-graph\">{\"@context\":\"https:\\\/\\\/schema.org\",\"@graph\":[{\"@type\":\"WebPage\",\"@id\":\"https:\\\/\\\/microcostrent.com\\\/quienes-somos\\\/\",\"url\":\"https:\\\/\\\/microcostrent.com\\\/quienes-somos\\\/\",\"name\":\"QUIENES SOMOS - Microcostrent\",\"isPartOf\":{\"@id\":\"https:\\\/\\\/microcostrent.com\\\/#website\"},\"primaryImageOfPage\":{\"@id\":\"https:\\\/\\\/microcostrent.com\\\/quienes-somos\\\/#primaryimage\"},\"image\":{\"@id\":\"https:\\\/\\\/microcostrent.com\\\/quienes-somos\\\/#primaryimage\"},\"thumbnailUrl\":\"https:\\\/\\\/microcostrent.com\\\/wp-content\\\/uploads\\\/2024\\\/02\\\/2023-04-13.jpg\",\"datePublished\":\"2021-11-24T14:24:40+00:00\",\"dateModified\":\"2026-02-24T14:10:27+00:00\",\"breadcrumb\":{\"@id\":\"https:\\\/\\\/microcostrent.com\\\/quienes-somos\\\/#breadcrumb\"},\"inLanguage\":\"en-US\",\"potentialAction\":[{\"@type\":\"ReadAction\",\"target\":[\"https:\\\/\\\/microcostrent.com\\\/quienes-somos\\\/\"]}]},{\"@type\":\"ImageObject\",\"inLanguage\":\"en-US\",\"@id\":\"https:\\\/\\\/microcostrent.com\\\/quienes-somos\\\/#primaryimage\",\"url\":\"https:\\\/\\\/microcostrent.com\\\/wp-content\\\/uploads\\\/2024\\\/02\\\/2023-04-13.jpg\",\"contentUrl\":\"https:\\\/\\\/microcostrent.com\\\/wp-content\\\/uploads\\\/2024\\\/02\\\/2023-04-13.jpg\"},{\"@type\":\"BreadcrumbList\",\"@id\":\"https:\\\/\\\/microcostrent.com\\\/quienes-somos\\\/#breadcrumb\",\"itemListElement\":[{\"@type\":\"ListItem\",\"position\":1,\"name\":\"Portada\",\"item\":\"https:\\\/\\\/microcostrent.com\\\/\"},{\"@type\":\"ListItem\",\"position\":2,\"name\":\"QUIENES SOMOS\"}]},{\"@type\":\"WebSite\",\"@id\":\"https:\\\/\\\/microcostrent.com\\\/#website\",\"url\":\"https:\\\/\\\/microcostrent.com\\\/\",\"name\":\"Microcostrent\",\"description\":\"Microcostrent | Renta de coches y motos\",\"publisher\":{\"@id\":\"https:\\\/\\\/microcostrent.com\\\/#organization\"},\"potentialAction\":[{\"@type\":\"SearchAction\",\"target\":{\"@type\":\"EntryPoint\",\"urlTemplate\":\"https:\\\/\\\/microcostrent.com\\\/?s={search_term_string}\"},\"query-input\":{\"@type\":\"PropertyValueSpecification\",\"valueRequired\":true,\"valueName\":\"search_term_string\"}}],\"inLanguage\":\"en-US\"},{\"@type\":\"Organization\",\"@id\":\"https:\\\/\\\/microcostrent.com\\\/#organization\",\"name\":\"Microcostrent\",\"url\":\"https:\\\/\\\/microcostrent.com\\\/\",\"logo\":{\"@type\":\"ImageObject\",\"inLanguage\":\"en-US\",\"@id\":\"https:\\\/\\\/microcostrent.com\\\/#\\\/schema\\\/logo\\\/image\\\/\",\"url\":\"https:\\\/\\\/microcostrent.com\\\/wp-content\\\/uploads\\\/2024\\\/03\\\/LOGO-MICROCOST-RENT.png\",\"contentUrl\":\"https:\\\/\\\/microcostrent.com\\\/wp-content\\\/uploads\\\/2024\\\/03\\\/LOGO-MICROCOST-RENT.png\",\"width\":617,\"height\":580,\"caption\":\"Microcostrent\"},\"image\":{\"@id\":\"https:\\\/\\\/microcostrent.com\\\/#\\\/schema\\\/logo\\\/image\\\/\"}}]}<\/script>\n<!-- \/ Yoast SEO plugin. -->","yoast_head_json":{"title":"QUIENES SOMOS - Microcostrent","robots":{"index":"index","follow":"follow","max-snippet":"max-snippet:-1","max-image-preview":"max-image-preview:large","max-video-preview":"max-video-preview:-1"},"canonical":"https:\/\/microcostrent.com\/en\/quienes-somos\/","og_locale":"en_US","og_type":"article","og_title":"QUIENES SOMOS - Microcostrent","og_description":"Qui\u00e9nes somos En microcost Rent Mallorca, estamos dedicados a brindarte una experiencia de viaje excepcional en esta hermosa isla. Con una pasi\u00f3n por la aventura y el compromiso con la excelencia en el servicio, nos esforzamos por ofrecerte la libertad de explorar a tu propio ritmo. Nuestra misi\u00f3n es proporcionarte veh\u00edculos de alquiler de alta [&hellip;]","og_url":"https:\/\/microcostrent.com\/en\/quienes-somos\/","og_site_name":"Microcostrent","article_modified_time":"2026-02-24T14:10:27+00:00","og_image":[{"url":"https:\/\/microcostrent.com\/wp-content\/uploads\/2024\/02\/2023-04-13.jpg","type":"","width":"","height":""}],"twitter_card":"summary_large_image","twitter_misc":{"Est. reading time":"1 minute"},"schema":{"@context":"https:\/\/schema.org","@graph":[{"@type":"WebPage","@id":"https:\/\/microcostrent.com\/quienes-somos\/","url":"https:\/\/microcostrent.com\/quienes-somos\/","name":"QUIENES SOMOS - Microcostrent","isPartOf":{"@id":"https:\/\/microcostrent.com\/#website"},"primaryImageOfPage":{"@id":"https:\/\/microcostrent.com\/quienes-somos\/#primaryimage"},"image":{"@id":"https:\/\/microcostrent.com\/quienes-somos\/#primaryimage"},"thumbnailUrl":"https:\/\/microcostrent.com\/wp-content\/uploads\/2024\/02\/2023-04-13.jpg","datePublished":"2021-11-24T14:24:40+00:00","dateModified":"2026-02-24T14:10:27+00:00","breadcrumb":{"@id":"https:\/\/microcostrent.com\/quienes-somos\/#breadcrumb"},"inLanguage":"en-US","potentialAction":[{"@type":"ReadAction","target":["https:\/\/microcostrent.com\/quienes-somos\/"]}]},{"@type":"ImageObject","inLanguage":"en-US","@id":"https:\/\/microcostrent.com\/quienes-somos\/#primaryimage","url":"https:\/\/microcostrent.com\/wp-content\/uploads\/2024\/02\/2023-04-13.jpg","contentUrl":"https:\/\/microcostrent.com\/wp-content\/uploads\/2024\/02\/2023-04-13.jpg"},{"@type":"BreadcrumbList","@id":"https:\/\/microcostrent.com\/quienes-somos\/#breadcrumb","itemListElement":[{"@type":"ListItem","position":1,"name":"Portada","item":"https:\/\/microcostrent.com\/"},{"@type":"ListItem","position":2,"name":"QUIENES SOMOS"}]},{"@type":"WebSite","@id":"https:\/\/microcostrent.com\/#website","url":"https:\/\/microcostrent.com\/","name":"Microcostrent","description":"Microcostrent | Car and motorcycle rental","publisher":{"@id":"https:\/\/microcostrent.com\/#organization"},"potentialAction":[{"@type":"SearchAction","target":{"@type":"EntryPoint","urlTemplate":"https:\/\/microcostrent.com\/?s={search_term_string}"},"query-input":{"@type":"PropertyValueSpecification","valueRequired":true,"valueName":"search_term_string"}}],"inLanguage":"en-US"},{"@type":"Organization","@id":"https:\/\/microcostrent.com\/#organization","name":"Microcostrent","url":"https:\/\/microcostrent.com\/","logo":{"@type":"ImageObject","inLanguage":"en-US","@id":"https:\/\/microcostrent.com\/#\/schema\/logo\/image\/","url":"https:\/\/microcostrent.com\/wp-content\/uploads\/2024\/03\/LOGO-MICROCOST-RENT.png","contentUrl":"https:\/\/microcostrent.com\/wp-content\/uploads\/2024\/03\/LOGO-MICROCOST-RENT.png","width":617,"height":580,"caption":"Microcostrent"},"image":{"@id":"https:\/\/microcostrent.com\/#\/schema\/logo\/image\/"}}]}},"_links":{"self":[{"href":"https:\/\/microcostrent.com\/en\/wp-json\/wp\/v2\/pages\/71","targetHints":{"allow":["GET"]}}],"collection":[{"href":"https:\/\/microcostrent.com\/en\/wp-json\/wp\/v2\/pages"}],"about":[{"href":"https:\/\/microcostrent.com\/en\/wp-json\/wp\/v2\/types\/page"}],"author":[{"embeddable":true,"href":"https:\/\/microcostrent.com\/en\/wp-json\/wp\/v2\/users\/1"}],"replies":[{"embeddable":true,"href":"https:\/\/microcostrent.com\/en\/wp-json\/wp\/v2\/comments?post=71"}],"version-history":[{"count":8,"href":"https:\/\/microcostrent.com\/en\/wp-json\/wp\/v2\/pages\/71\/revisions"}],"predecessor-version":[{"id":1085,"href":"https:\/\/microcostrent.com\/en\/wp-json\/wp\/v2\/pages\/71\/revisions\/1085"}],"wp:attachment":[{"href":"https:\/\/microcostrent.com\/en\/wp-json\/wp\/v2\/media?parent=71"}],"curies":[{"name":"wp","href":"https:\/\/api.w.org\/{rel}","templated":true}]}}